{"id":17,"date":"2023-03-25T16:10:12","date_gmt":"2023-03-25T16:10:12","guid":{"rendered":"https:\/\/www.tiptop-gebaeudereinigung.at\/?page_id=17"},"modified":"2025-02-13T10:21:47","modified_gmt":"2025-02-13T10:21:47","slug":"ueber-mich","status":"publish","type":"page","link":"https:\/\/www.tiptop-gebaeudereinigung.at\/?page_id=17","title":{"rendered":"\u00dcber uns"},"content":{"rendered":"\n<p class=\"has-white-background-color has-background\">Sehr geehrte Damen und Herren,<br>herzlich willkommen auf der Homepage der MM-TipTop Geb\u00e4udereinigung e.U.<\/p>\n\n\n\n<p class=\"has-white-background-color has-background\">Mein Name ist Milos Milicic, und bin der Firmeninhaber dieses st\u00e4tig wachsenden Unternehmen.<\/p>\n\n\n\n<p class=\"has-white-background-color has-background\">Im Alter von 29 Jahren, kann ich bereits auf einige Jahre Berufserfahrung verweisen.<\/p>\n\n\n\n<p class=\"has-white-background-color has-background\">Im Jahre 2023 bestand ich die Meisterpr\u00fcfung mit Erfolg am WIFI Linz, seit dem ist die Geburtsstunde der Selbstst\u00e4ndigkeit geboren.<br>Akribische Arbeit und den Aufbau eines beachtlichen Kundenstammes ist der Kern des heutigen Erfolg.<\/p>\n\n\n\n<p class=\"has-white-background-color has-background\">Gelebte Freundlichkeit und st\u00e4ndiger Kundenkontakt ist bis heute das Kernst\u00fcck meines Bestrebens.<\/p>\n\n\n\n<p class=\"has-white-background-color has-background\">In diesem Sinne m\u00f6chte ich au\u00dferordentlich betonen, wie stolz ich auf alle meine Mitarbeiter bin.<\/p>\n\n\n\n<p class=\"has-white-background-color has-background\">Um meine Kompetenzen und Erfahrungen bestm\u00f6glichst und Glaubhaft f\u00fcr Ihre Bed\u00fcrfnisse wieder zu spiegeln, freue ich mich auf eine pers\u00f6nliche Kontaktaufnahme.<\/p>\n\n\n\n<p class=\"has-white-background-color has-background\">Ihr Milos Milicic<br>Inhaber der FA. MM-TipTop Geb\u00e4udereinigung e.U.<\/p>\n\n\n\n<figure class=\"wp-block-image size-full is-style-rounded\"><img loading=\"lazy\" decoding=\"async\" width=\"958\" height=\"960\" src=\"https:\/\/www.tiptop-gebaeudereinigung.at\/wp-content\/uploads\/2023\/03\/322710381_687107086241736_9183160878120347084_n.jpg\" alt=\"\" class=\"wp-image-112\" srcset=\"https:\/\/www.tiptop-gebaeudereinigung.at\/wp-content\/uploads\/2023\/03\/322710381_687107086241736_9183160878120347084_n.jpg 958w, https:\/\/www.tiptop-gebaeudereinigung.at\/wp-content\/uploads\/2023\/03\/322710381_687107086241736_9183160878120347084_n-300x300.jpg 300w, https:\/\/www.tiptop-gebaeudereinigung.at\/wp-content\/uploads\/2023\/03\/322710381_687107086241736_9183160878120347084_n-150x150.jpg 150w, https:\/\/www.tiptop-gebaeudereinigung.at\/wp-content\/uploads\/2023\/03\/322710381_687107086241736_9183160878120347084_n-768x770.jpg 768w, https:\/\/www.tiptop-gebaeudereinigung.at\/wp-content\/uploads\/2023\/03\/322710381_687107086241736_9183160878120347084_n-600x600.jpg 600w\" sizes=\"auto, (max-width: 958px) 100vw, 958px\" \/><\/figure>\n","protected":false},"excerpt":{"rendered":"<p>Sehr geehrte Damen und Herren,herzlich willkommen auf der Homepage der MM-TipTop Geb\u00e4udereinigung e.U. Mein Name ist Milos Milicic, und bin der Firmeninhaber dieses st\u00e4tig wachsenden Unternehmen. Im Alter von 29 Jahren, kann ich bereits auf einige Jahre Berufserfahrung verweisen. Im Jahre 2023 bestand ich die Meisterpr\u00fcfung mit Erfolg am WIFI Linz, seit dem ist die [&hellip;]<\/p>\n","protected":false},"author":1,"featured_media":0,"parent":0,"menu_order":0,"comment_status":"closed","ping_status":"closed","template":"","meta":{"footnotes":""},"class_list":["post-17","page","type-page","status-publish","hentry"],"_links":{"self":[{"href":"https:\/\/www.tiptop-gebaeudereinigung.at\/index.php?rest_route=\/wp\/v2\/pages\/17","targetHints":{"allow":["GET"]}}],"collection":[{"href":"https:\/\/www.tiptop-gebaeudereinigung.at\/index.php?rest_route=\/wp\/v2\/pages"}],"about":[{"href":"https:\/\/www.tiptop-gebaeudereinigung.at\/index.php?rest_route=\/wp\/v2\/types\/page"}],"author":[{"embeddable":true,"href":"https:\/\/www.tiptop-gebaeudereinigung.at\/index.php?rest_route=\/wp\/v2\/users\/1"}],"replies":[{"embeddable":true,"href":"https:\/\/www.tiptop-gebaeudereinigung.at\/index.php?rest_route=%2Fwp%2Fv2%2Fcomments&post=17"}],"version-history":[{"count":13,"href":"https:\/\/www.tiptop-gebaeudereinigung.at\/index.php?rest_route=\/wp\/v2\/pages\/17\/revisions"}],"predecessor-version":[{"id":249,"href":"https:\/\/www.tiptop-gebaeudereinigung.at\/index.php?rest_route=\/wp\/v2\/pages\/17\/revisions\/249"}],"wp:attachment":[{"href":"https:\/\/www.tiptop-gebaeudereinigung.at\/index.php?rest_route=%2Fwp%2Fv2%2Fmedia&parent=17"}],"curies":[{"name":"wp","href":"https:\/\/api.w.org\/{rel}","templated":true}]}}